{"id":192,"date":"2021-01-08T23:25:41","date_gmt":"2021-01-08T22:25:41","guid":{"rendered":"http:\/\/new.pataclique.ch\/?page_id=192"},"modified":"2023-02-09T16:00:30","modified_gmt":"2023-02-09T15:00:30","slug":"nos-cds","status":"publish","type":"page","link":"https:\/\/www.pataclique.ch\/index.php\/medias\/nos-cds\/","title":{"rendered":"Nos CD&rsquo;s"},"content":{"rendered":"<div class=\"wp-block-image is-style-rounded\">\n<figure class=\"aligncenter size-large is-resized\"><img decoding=\"async\" loading=\"lazy\" src=\"http:\/\/pataclique.ch\/wp-content\/uploads\/CD\/Hallucinant\/Hallucinant-e1610142971930-1024x728.jpg\" alt=\"\" width=\"256\" height=\"182\"\/><figcaption class=\"wp-element-caption\"><strong>Hallucinant !<\/strong><br>Notre 4\u00e8 CD, pour nos 40 ans<br><br>Ann\u00e9e : 2016<br>Enregistrement : 5-6 mars 2016<br>Vernissage : 11 novembre 2016<\/figcaption><\/figure><\/div>\n\n<div class=\"wp-block-image\">\n<figure class=\"aligncenter size-large is-resized\"><img decoding=\"async\" loading=\"lazy\" src=\"http:\/\/pataclique.ch\/wp-content\/uploads\/2021\/01\/Hallucinant-2016-face-1024x912.jpg\" alt=\"\" width=\"337\" height=\"277\"\/><\/figure><\/div>\n\n\n<p class=\"has-text-align-center\">Pour toute commande, nous \u00e9crire par email \u00e0 : <a href=\"mailto:hallucinant@pataclique.ch\">hallucinant@pataclique.ch<\/a><\/p>\n\n\n\n<p class=\"has-text-align-center\"><a href=\"\/index.php\/sponsors-cd-hallucinant\/\" data-type=\"URL\" data-id=\"\/index.php\/sponsors-cd-hallucinant\/\">Ils nous ont soutenus pour la r\u00e9alisation de ce CD !<\/a><\/p>\n\n\n\n<hr class=\"wp-block-separator has-css-opacity\"\/>\n\n\n<div class=\"wp-block-image is-style-default\">\n<figure class=\"aligncenter size-large is-resized\"><img decoding=\"async\" loading=\"lazy\" src=\"\/wp-content\/uploads\/CD\/CD09\/CD09pochette.png\" alt=\"\" width=\"337\" height=\"277\"\/><figcaption class=\"wp-element-caption\"><strong>09<\/strong><br>Notre 3\u00e8 CD, sobrement intitul\u00e9 \u00ab\u00a009\u00a0\u00bb<br><br>Ann\u00e9e : 2009<br>Vernissage : 14 f\u00e9vrier 2009<\/figcaption><\/figure><\/div>\n\n\n<hr class=\"wp-block-separator has-css-opacity\"\/>\n\n\n<div class=\"wp-block-image\">\n<figure class=\"aligncenter size-large is-resized\"><img decoding=\"async\" loading=\"lazy\" src=\"\/wp-content\/uploads\/2021\/01\/Aromatic-face-1-300x297.jpg\" alt=\"\" width=\"356\" height=\"293\"\/><figcaption class=\"wp-element-caption\"><strong>Aromatic<\/strong><br>Notre 2\u00e8 CD<br><br>Ann\u00e9e : 2004<br>Enregistrement : octobre 2003<\/figcaption><\/figure><\/div>\n\n\n<hr class=\"wp-block-separator has-css-opacity\"\/>\n\n\n<div class=\"wp-block-image\">\n<figure class=\"aligncenter size-large is-resized\"><img decoding=\"async\" loading=\"lazy\" src=\"\/wp-content\/uploads\/2021\/01\/PTB-2001-face.png\" alt=\"\" width=\"337\" height=\"277\"\/><figcaption class=\"wp-element-caption\"><strong>PTB<\/strong><br>Notre tout premier CD !<br><br>Ann\u00e9e : 2001<br>Enregistrement : avril 2001<\/figcaption><\/figure><\/div>","protected":false},"excerpt":{"rendered":"<p>Pour toute commande, nous \u00e9crire par email \u00e0 : hallucinant@pataclique.ch Ils nous ont soutenus pour la r\u00e9alisation de ce CD !<\/p>\n","protected":false},"author":2,"featured_media":0,"parent":36,"menu_order":2,"comment_status":"closed","ping_status":"closed","template":"","meta":[],"_links":{"self":[{"href":"https:\/\/www.pataclique.ch\/index.php\/wp-json\/wp\/v2\/pages\/192"}],"collection":[{"href":"https:\/\/www.pataclique.ch\/index.php\/wp-json\/wp\/v2\/pages"}],"about":[{"href":"https:\/\/www.pataclique.ch\/index.php\/wp-json\/wp\/v2\/types\/page"}],"author":[{"embeddable":true,"href":"https:\/\/www.pataclique.ch\/index.php\/wp-json\/wp\/v2\/users\/2"}],"replies":[{"embeddable":true,"href":"https:\/\/www.pataclique.ch\/index.php\/wp-json\/wp\/v2\/comments?post=192"}],"version-history":[{"count":8,"href":"https:\/\/www.pataclique.ch\/index.php\/wp-json\/wp\/v2\/pages\/192\/revisions"}],"predecessor-version":[{"id":523,"href":"https:\/\/www.pataclique.ch\/index.php\/wp-json\/wp\/v2\/pages\/192\/revisions\/523"}],"up":[{"embeddable":true,"href":"https:\/\/www.pataclique.ch\/index.php\/wp-json\/wp\/v2\/pages\/36"}],"wp:attachment":[{"href":"https:\/\/www.pataclique.ch\/index.php\/wp-json\/wp\/v2\/media?parent=192"}],"curies":[{"name":"wp","href":"https:\/\/api.w.org\/{rel}","templated":true}]}}