{"id":268,"date":"2021-01-31T17:15:07","date_gmt":"2021-01-31T16:15:07","guid":{"rendered":"http:\/\/new.pataclique.ch\/?page_id=268"},"modified":"2023-02-09T15:12:10","modified_gmt":"2023-02-09T14:12:10","slug":"patatchoup","status":"publish","type":"page","link":"https:\/\/www.pataclique.ch\/index.php\/patatchoup\/","title":{"rendered":"PataTchouP"},"content":{"rendered":"\n<h2 class=\"has-vivid-red-color has-text-color wp-block-heading\"><strong>!!! ACTUELLEMENT A L&rsquo;ARR\u00caT !!!<\/strong> par manque d&rsquo;enfants. Pas de r\u00e9p\u00e9titions ni de manifestation possible pour la section enfant. Merci pour votre compr\u00e9hension&#8230;<\/h2>\n\n\n\n<p><\/p>\n\n\n\n<figure class=\"wp-block-image size-large\"><img decoding=\"async\" loading=\"lazy\" width=\"640\" height=\"213\" src=\"http:\/\/new.pataclique.ch\/wp-content\/uploads\/PataTchouP\/Patatchoup_-_logo_officiel.jpeg\" alt=\"\" class=\"wp-image-271\" srcset=\"https:\/\/www.pataclique.ch\/wp-content\/uploads\/PataTchouP\/Patatchoup_-_logo_officiel.jpeg 640w, https:\/\/www.pataclique.ch\/wp-content\/uploads\/PataTchouP\/Patatchoup_-_logo_officiel-300x100.jpeg 300w\" sizes=\"(max-width: 640px) 100vw, 640px\" \/><\/figure>\n\n\n\n<table style=\"width: 100%; margin-right: auto; margin-left: auto; border-collapse: collapse; border-radius: 1em; overflow: hidden; border-spacing: 20px;\">\n<tbody>\n<tr style=\"background-color: #df4689;\">\n<td>\n<p><span style=\"color: #ffffff; font-size: 12pt;\"><strong>Les jeunes de la Pataclique<\/strong><\/span><\/p>\n<p><span style=\"color: #ffffff; font-size: 12pt;\">Si tu as entre 7 et 16 ans, que tu aimes la musique, les confettis et te d\u00e9guiser, rejoins la clique \u00ab\u00a0La PataTchoup\u00a0\u00bb.<br>Il n\u2019y a pas besoin d\u2019avoir de connaissances musicales pr\u00e9alables. Une joyeuse \u00e9quipe de musiciens est l\u00e0 sp\u00e9cialement pour t\u2019apprendre \u00e0 jouer.&nbsp;<\/span><\/p>\n<\/td>\n<\/tr>\n<tr style=\"background-color: #169ed1;\">\n<td><img decoding=\"async\" src=\"\/wp-content\/uploads\/PataTchouP\/ptp-ensemble.png\" alt=\"ptp ensemble\"><\/td>\n<\/tr>\n<tr style=\"background-color: #fab922;\">\n<td>\n<p><span style=\"color: #ffffff; font-size: 12pt;\"><strong>Nous contacter<\/strong><\/span><\/p>\n<p><span style=\"color: #ffffff; font-size: 12pt;\">Tu es int\u00e9ress\u00e9 \u00e0 te joindre \u00e0 notre \u00e9quipe ou tu as des questions ? Tu peux nous contacter par courriel \u00e0 l\u2019adresse patatchoup[at]gmail.com.<\/span><\/p>\n<\/td>\n<\/tr>\n<\/tbody>\n<\/table>\n<p>&nbsp;<\/p>\n<p>&nbsp;<\/p>\n<table style=\"width: 100%; border-collapse: collapse; border-radius: 1em; overflow: hidden; border: 2px solid #169ed1;\">\n<tbody>\n<tr style=\"background-color: #169ed1; height: 10px;\">\n<td style=\"text-align: center; height: 50px; vertical-align: middle;\"><span style=\"color: #ffffff; font-size: 12pt;\">&nbsp;&nbsp;&nbsp;<strong>Vous y inscrire<\/strong><\/span><\/td>\n<\/tr>\n<tr>\n<td style=\"text-align: center;\"><span style=\"font-size: 12pt;\">Prenez connaissance de <a href=\"\/wp-content\/uploads\/PataTchouP\/LaPataTchoup-Inscription-NVmembres.pdf\" target=\"_blank\" rel=\"noopener\">ce document<\/a> et remplissez les informations demand\u00e9es<\/span><\/td>\n<\/tr>\n<\/tbody>\n<\/table>\n\n\n\n<table style=\"width: 100%; border-radius: 1em; overflow: hidden; border: 1px solid #fab922;\">\n<tbody>\n<tr style=\"background-color: #fab922; height: 10px;\">\n<td style=\"text-align: center; height: 50px; vertical-align: middle;\"><span style=\"color: #ffffff; font-size: 12pt;\">&nbsp;&nbsp;&nbsp;<strong>Soutenez-nous<\/strong><\/span><\/td>\n<\/tr>\n<tr>\n<td style=\"text-align: center;\">\n<p>&nbsp;<\/p>\n<p><span style=\"font-size: 12pt;\">Tous les d\u00e9tails de sponsoring possible dans <a href=\"\/wp-content\/uploads\/PataTchouP\/La_PataTchoup_-_Sponsoring-Don.pdf\" target=\"_blank\" rel=\"noopener\">ce document<\/a><\/span><\/p>\n<p><span style=\"font-size: 16px; text-align: center;\"><\/span><\/p>\n<\/td>\n<\/tr>\n<\/tbody>\n<\/table>\n\n\n\n<table style=\"border-collapse: collapse; border-radius: 1em; overflow: hidden;\">\n<tbody>\n<tr style=\"background-color: #df4689; height: 10px;\">\n<td colspan=\"2\" style=\"text-align: center; height: 50px; vertical-align: middle;\"><span style=\"color: #ffffff; font-size: 12pt;\">&nbsp;&nbsp;&nbsp;<strong>Ils nous soutiennent<\/strong><\/span><\/td>\n<\/tr>\n<tr>\n<td colspan=\"2\" style=\"text-align: center;\"><img decoding=\"async\" src=\"\/wp-content\/uploads\/PataTchouP\/ligneK.png\" alt=\"ligneK\"><\/td>\n<\/tr>\n<tr>\n<td>&nbsp;<\/td>\n<td>&nbsp;<\/td>\n<\/tr>\n<\/tbody>\n<\/table>\n","protected":false},"excerpt":{"rendered":"<p>!!! ACTUELLEMENT A L&rsquo;ARR\u00caT !!! par manque d&rsquo;enfants. Pas de r\u00e9p\u00e9titions ni de manifestation possible pour la section enfant. Merci pour votre compr\u00e9hension&#8230; Les jeunes de la Pataclique Si tu &#8230;<\/p>\n","protected":false},"author":2,"featured_media":0,"parent":0,"menu_order":0,"comment_status":"closed","ping_status":"closed","template":"","meta":[],"_links":{"self":[{"href":"https:\/\/www.pataclique.ch\/index.php\/wp-json\/wp\/v2\/pages\/268"}],"collection":[{"href":"https:\/\/www.pataclique.ch\/index.php\/wp-json\/wp\/v2\/pages"}],"about":[{"href":"https:\/\/www.pataclique.ch\/index.php\/wp-json\/wp\/v2\/types\/page"}],"author":[{"embeddable":true,"href":"https:\/\/www.pataclique.ch\/index.php\/wp-json\/wp\/v2\/users\/2"}],"replies":[{"embeddable":true,"href":"https:\/\/www.pataclique.ch\/index.php\/wp-json\/wp\/v2\/comments?post=268"}],"version-history":[{"count":5,"href":"https:\/\/www.pataclique.ch\/index.php\/wp-json\/wp\/v2\/pages\/268\/revisions"}],"predecessor-version":[{"id":513,"href":"https:\/\/www.pataclique.ch\/index.php\/wp-json\/wp\/v2\/pages\/268\/revisions\/513"}],"wp:attachment":[{"href":"https:\/\/www.pataclique.ch\/index.php\/wp-json\/wp\/v2\/media?parent=268"}],"curies":[{"name":"wp","href":"https:\/\/api.w.org\/{rel}","templated":true}]}}