{"id":32,"date":"2019-06-05T11:00:19","date_gmt":"2019-06-05T09:00:19","guid":{"rendered":"http:\/\/new.pataclique.ch\/?page_id=32"},"modified":"2023-04-12T15:46:30","modified_gmt":"2023-04-12T13:46:30","slug":"contacts","status":"publish","type":"page","link":"https:\/\/www.pataclique.ch\/index.php\/contacts\/","title":{"rendered":"Contacts"},"content":{"rendered":"\n<p><strong>Adresse postale<\/strong><br>Pataclique<br>CP 103<br>CH-2854 Bassecourt<\/p>\n\n\n\n<p><\/p>\n\n\n\n<p><strong>Email<\/strong><br><a href=\"mailto:info@pataclique.ch\">info@pataclique.ch<\/a><\/p>\n\n\n\n<hr class=\"wp-block-separator has-css-opacity\"\/>\n\n\n\n<p style=\"font-size:34px\"><strong>Comit\u00e9<\/strong><\/p>\n\n\n\n<p><strong>Pr\u00e9sident<\/strong><br>Didier Gugler<br><a href=\"presidence@pataclique.ch\" data-type=\"URL\" data-id=\"presidence@pataclique.ch\">presidence@pataclique.ch<\/a><\/p>\n\n\n\n<p><strong>Vice-Pr\u00e9sident \/ Contrats<\/strong><br>L\u00e9andre Monnerat<br><a href=\"mailto:contrats@pataclique.ch\">contrats@pataclique.ch<\/a><\/p>\n\n\n\n<p><strong>Caissi\u00e8re<\/strong><br>St\u00e9phanie Meyer<br><br><strong>Secr\u00e9taire<\/strong><br>Yvan H\u00eache<\/p>\n\n\n\n<p><strong>Responsable costumes &amp; animations<\/strong><br>Maeva Vieira<\/p>\n\n\n\n<p><strong>Assesseur<\/strong><br>Quentin Vallat<\/p>\n","protected":false},"excerpt":{"rendered":"<p>Adresse postalePatacliqueCP 103CH-2854 Bassecourt Emailinfo@pataclique.ch Comit\u00e9 Pr\u00e9sidentDidier Guglerpresidence@pataclique.ch Vice-Pr\u00e9sident \/ ContratsL\u00e9andre Monneratcontrats@pataclique.ch Caissi\u00e8reSt\u00e9phanie Meyer Secr\u00e9taireYvan H\u00eache Responsable costumes &amp; animationsMaeva Vieira AssesseurQuentin Vallat<\/p>\n","protected":false},"author":2,"featured_media":0,"parent":0,"menu_order":0,"comment_status":"closed","ping_status":"closed","template":"","meta":[],"_links":{"self":[{"href":"https:\/\/www.pataclique.ch\/index.php\/wp-json\/wp\/v2\/pages\/32"}],"collection":[{"href":"https:\/\/www.pataclique.ch\/index.php\/wp-json\/wp\/v2\/pages"}],"about":[{"href":"https:\/\/www.pataclique.ch\/index.php\/wp-json\/wp\/v2\/types\/page"}],"author":[{"embeddable":true,"href":"https:\/\/www.pataclique.ch\/index.php\/wp-json\/wp\/v2\/users\/2"}],"replies":[{"embeddable":true,"href":"https:\/\/www.pataclique.ch\/index.php\/wp-json\/wp\/v2\/comments?post=32"}],"version-history":[{"count":8,"href":"https:\/\/www.pataclique.ch\/index.php\/wp-json\/wp\/v2\/pages\/32\/revisions"}],"predecessor-version":[{"id":598,"href":"https:\/\/www.pataclique.ch\/index.php\/wp-json\/wp\/v2\/pages\/32\/revisions\/598"}],"wp:attachment":[{"href":"https:\/\/www.pataclique.ch\/index.php\/wp-json\/wp\/v2\/media?parent=32"}],"curies":[{"name":"wp","href":"https:\/\/api.w.org\/{rel}","templated":true}]}}